{"id":40886,"date":"2021-03-02T16:48:02","date_gmt":"2021-03-02T15:48:02","guid":{"rendered":"http:\/\/www.re-elektroshop.at\/?product=nh-trenner-60mm-system-groesse-3-anschluss-m12-630a"},"modified":"2021-03-02T16:48:02","modified_gmt":"2021-03-02T15:48:02","slug":"nh-trenner-60mm-system-groesse-3-anschluss-m12-630a","status":"publish","type":"product","link":"https:\/\/www.re-elektroshop.at\/?product=nh-trenner-60mm-system-groesse-3-anschluss-m12-630a","title":{"rendered":"NH-Trenner, 60mm System, Gr\u00f6\u00dfe 3, Anschlu\u00df M12, 630A"},"content":{"rendered":"","protected":false},"excerpt":{"rendered":"<p>1<\/p>\n","protected":false},"featured_media":40885,"comment_status":"open","ping_status":"closed","template":"","meta":[],"_links":{"self":[{"href":"https:\/\/www.re-elektroshop.at\/index.php?rest_route=\/wp\/v2\/product\/40886"}],"collection":[{"href":"https:\/\/www.re-elektroshop.at\/index.php?rest_route=\/wp\/v2\/product"}],"about":[{"href":"https:\/\/www.re-elektroshop.at\/index.php?rest_route=\/wp\/v2\/types\/product"}],"replies":[{"embeddable":true,"href":"https:\/\/www.re-elektroshop.at\/index.php?rest_route=%2Fwp%2Fv2%2Fcomments&post=40886"}],"wp:featuredmedia":[{"embeddable":true,"href":"https:\/\/www.re-elektroshop.at\/index.php?rest_route=\/wp\/v2\/media\/40885"}],"wp:attachment":[{"href":"https:\/\/www.re-elektroshop.at\/index.php?rest_route=%2Fwp%2Fv2%2Fmedia&parent=40886"}],"curies":[{"name":"wp","href":"https:\/\/api.w.org\/{rel}","templated":true}]}}