{"id":41135,"date":"2021-03-02T16:52:52","date_gmt":"2021-03-02T15:52:52","guid":{"rendered":"http:\/\/www.re-elektroshop.at\/?product=verlaengerungsachse-fuer-tuerkuppling-si339110"},"modified":"2021-03-02T16:52:52","modified_gmt":"2021-03-02T15:52:52","slug":"verlaengerungsachse-fuer-tuerkuppling-si339110","status":"publish","type":"product","link":"https:\/\/www.re-elektroshop.at\/?product=verlaengerungsachse-fuer-tuerkuppling-si339110","title":{"rendered":"Verl\u00e4ngerungsachse f\u00fcr T\u00fcrkuppling SI339110"},"content":{"rendered":"","protected":false},"excerpt":{"rendered":"<p>1<\/p>\n","protected":false},"featured_media":41134,"comment_status":"open","ping_status":"closed","template":"","meta":[],"_links":{"self":[{"href":"https:\/\/www.re-elektroshop.at\/index.php?rest_route=\/wp\/v2\/product\/41135"}],"collection":[{"href":"https:\/\/www.re-elektroshop.at\/index.php?rest_route=\/wp\/v2\/product"}],"about":[{"href":"https:\/\/www.re-elektroshop.at\/index.php?rest_route=\/wp\/v2\/types\/product"}],"replies":[{"embeddable":true,"href":"https:\/\/www.re-elektroshop.at\/index.php?rest_route=%2Fwp%2Fv2%2Fcomments&post=41135"}],"wp:featuredmedia":[{"embeddable":true,"href":"https:\/\/www.re-elektroshop.at\/index.php?rest_route=\/wp\/v2\/media\/41134"}],"wp:attachment":[{"href":"https:\/\/www.re-elektroshop.at\/index.php?rest_route=%2Fwp%2Fv2%2Fmedia&parent=41135"}],"curies":[{"name":"wp","href":"https:\/\/api.w.org\/{rel}","templated":true}]}}