{"id":41151,"date":"2021-03-02T16:53:13","date_gmt":"2021-03-02T15:53:13","guid":{"rendered":"http:\/\/www.re-elektroshop.at\/?product=grifflaschenabdeckung-fuer-nh-reiter-ut-groesse-00"},"modified":"2021-03-02T16:53:13","modified_gmt":"2021-03-02T15:53:13","slug":"grifflaschenabdeckung-fuer-nh-reiter-ut-groesse-00","status":"publish","type":"product","link":"https:\/\/www.re-elektroshop.at\/?product=grifflaschenabdeckung-fuer-nh-reiter-ut-groesse-00","title":{"rendered":"Grifflaschenabdeckung f\u00fcr NH-Reiter-UT Gr\u00f6\u00dfe 00"},"content":{"rendered":"","protected":false},"excerpt":{"rendered":"<p>1<\/p>\n","protected":false},"featured_media":0,"comment_status":"open","ping_status":"closed","template":"","meta":[],"_links":{"self":[{"href":"https:\/\/www.re-elektroshop.at\/index.php?rest_route=\/wp\/v2\/product\/41151"}],"collection":[{"href":"https:\/\/www.re-elektroshop.at\/index.php?rest_route=\/wp\/v2\/product"}],"about":[{"href":"https:\/\/www.re-elektroshop.at\/index.php?rest_route=\/wp\/v2\/types\/product"}],"replies":[{"embeddable":true,"href":"https:\/\/www.re-elektroshop.at\/index.php?rest_route=%2Fwp%2Fv2%2Fcomments&post=41151"}],"wp:attachment":[{"href":"https:\/\/www.re-elektroshop.at\/index.php?rest_route=%2Fwp%2Fv2%2Fmedia&parent=41151"}],"curies":[{"name":"wp","href":"https:\/\/api.w.org\/{rel}","templated":true}]}}