{"id":41397,"date":"2021-03-02T16:56:24","date_gmt":"2021-03-02T15:56:24","guid":{"rendered":"http:\/\/www.re-elektroshop.at\/?product=niveauueberwachungsrelais-fuer-fluessigkeiten-5a-250v"},"modified":"2021-03-02T16:56:24","modified_gmt":"2021-03-02T15:56:24","slug":"niveauueberwachungsrelais-fuer-fluessigkeiten-5a-250v","status":"publish","type":"product","link":"https:\/\/www.re-elektroshop.at\/?product=niveauueberwachungsrelais-fuer-fluessigkeiten-5a-250v","title":{"rendered":"Niveau\u00fcberwachungsrelais f\u00fcr Fl\u00fcssigkeiten, 5A, 250V"},"content":{"rendered":"","protected":false},"excerpt":{"rendered":"<p>1<\/p>\n","protected":false},"featured_media":41396,"comment_status":"open","ping_status":"closed","template":"","meta":[],"_links":{"self":[{"href":"https:\/\/www.re-elektroshop.at\/index.php?rest_route=\/wp\/v2\/product\/41397"}],"collection":[{"href":"https:\/\/www.re-elektroshop.at\/index.php?rest_route=\/wp\/v2\/product"}],"about":[{"href":"https:\/\/www.re-elektroshop.at\/index.php?rest_route=\/wp\/v2\/types\/product"}],"replies":[{"embeddable":true,"href":"https:\/\/www.re-elektroshop.at\/index.php?rest_route=%2Fwp%2Fv2%2Fcomments&post=41397"}],"wp:featuredmedia":[{"embeddable":true,"href":"https:\/\/www.re-elektroshop.at\/index.php?rest_route=\/wp\/v2\/media\/41396"}],"wp:attachment":[{"href":"https:\/\/www.re-elektroshop.at\/index.php?rest_route=%2Fwp%2Fv2%2Fmedia&parent=41397"}],"curies":[{"name":"wp","href":"https:\/\/api.w.org\/{rel}","templated":true}]}}