{"id":41407,"date":"2021-03-02T16:56:37","date_gmt":"2021-03-02T15:56:37","guid":{"rendered":"http:\/\/www.re-elektroshop.at\/?product=niveauueberwachungsrelais-fuer-fluessigkeiten24-240v-ac-dc-5a"},"modified":"2021-03-02T16:56:37","modified_gmt":"2021-03-02T15:56:37","slug":"niveauueberwachungsrelais-fuer-fluessigkeiten24-240v-ac-dc-5a","status":"publish","type":"product","link":"https:\/\/www.re-elektroshop.at\/?product=niveauueberwachungsrelais-fuer-fluessigkeiten24-240v-ac-dc-5a","title":{"rendered":"Niveau\u00fcberwachungsrelais f\u00fcr Fl\u00fcssigkeiten,24-240V AC\/DC, 5A"},"content":{"rendered":"","protected":false},"excerpt":{"rendered":"<p>1<\/p>\n","protected":false},"featured_media":41406,"comment_status":"open","ping_status":"closed","template":"","meta":[],"_links":{"self":[{"href":"https:\/\/www.re-elektroshop.at\/index.php?rest_route=\/wp\/v2\/product\/41407"}],"collection":[{"href":"https:\/\/www.re-elektroshop.at\/index.php?rest_route=\/wp\/v2\/product"}],"about":[{"href":"https:\/\/www.re-elektroshop.at\/index.php?rest_route=\/wp\/v2\/types\/product"}],"replies":[{"embeddable":true,"href":"https:\/\/www.re-elektroshop.at\/index.php?rest_route=%2Fwp%2Fv2%2Fcomments&post=41407"}],"wp:featuredmedia":[{"embeddable":true,"href":"https:\/\/www.re-elektroshop.at\/index.php?rest_route=\/wp\/v2\/media\/41406"}],"wp:attachment":[{"href":"https:\/\/www.re-elektroshop.at\/index.php?rest_route=%2Fwp%2Fv2%2Fmedia&parent=41407"}],"curies":[{"name":"wp","href":"https:\/\/api.w.org\/{rel}","templated":true}]}}