{"id":41846,"date":"2021-03-02T17:01:18","date_gmt":"2021-03-02T16:01:18","guid":{"rendered":"http:\/\/www.re-elektroshop.at\/?product=abhaengeset-fuer-medo-60-square-eckig-weiss"},"modified":"2021-08-05T13:44:22","modified_gmt":"2021-08-05T11:44:22","slug":"abhaengeset-fuer-medo-60-square-eckig-weiss","status":"publish","type":"product","link":"https:\/\/www.re-elektroshop.at\/?product=abhaengeset-fuer-medo-60-square-eckig-weiss","title":{"rendered":"ABH\u00c4NGESET F\u00dcR MEDO 60 SQUARE, eckig, wei\u00df"},"content":{"rendered":"","protected":false},"excerpt":{"rendered":"<p>1<\/p>\n","protected":false},"featured_media":41845,"comment_status":"open","ping_status":"closed","template":"","meta":[],"_links":{"self":[{"href":"https:\/\/www.re-elektroshop.at\/index.php?rest_route=\/wp\/v2\/product\/41846"}],"collection":[{"href":"https:\/\/www.re-elektroshop.at\/index.php?rest_route=\/wp\/v2\/product"}],"about":[{"href":"https:\/\/www.re-elektroshop.at\/index.php?rest_route=\/wp\/v2\/types\/product"}],"replies":[{"embeddable":true,"href":"https:\/\/www.re-elektroshop.at\/index.php?rest_route=%2Fwp%2Fv2%2Fcomments&post=41846"}],"wp:featuredmedia":[{"embeddable":true,"href":"https:\/\/www.re-elektroshop.at\/index.php?rest_route=\/wp\/v2\/media\/41845"}],"wp:attachment":[{"href":"https:\/\/www.re-elektroshop.at\/index.php?rest_route=%2Fwp%2Fv2%2Fmedia&parent=41846"}],"curies":[{"name":"wp","href":"https:\/\/api.w.org\/{rel}","templated":true}]}}