{"id":42413,"date":"2021-03-02T17:09:09","date_gmt":"2021-03-02T16:09:09","guid":{"rendered":"http:\/\/www.re-elektroshop.at\/?product=abhaengset-fuer-1-10v-medo-led-5-adrig-weiss"},"modified":"2021-03-02T17:09:09","modified_gmt":"2021-03-02T16:09:09","slug":"abhaengset-fuer-1-10v-medo-led-5-adrig-weiss","status":"publish","type":"product","link":"https:\/\/www.re-elektroshop.at\/?product=abhaengset-fuer-1-10v-medo-led-5-adrig-weiss","title":{"rendered":"Abh\u00e4ngset f\u00fcr 1-10V MEDO LED, 5-adrig, wei\u00df"},"content":{"rendered":"","protected":false},"excerpt":{"rendered":"<p>1<\/p>\n","protected":false},"featured_media":42412,"comment_status":"open","ping_status":"closed","template":"","meta":[],"_links":{"self":[{"href":"https:\/\/www.re-elektroshop.at\/index.php?rest_route=\/wp\/v2\/product\/42413"}],"collection":[{"href":"https:\/\/www.re-elektroshop.at\/index.php?rest_route=\/wp\/v2\/product"}],"about":[{"href":"https:\/\/www.re-elektroshop.at\/index.php?rest_route=\/wp\/v2\/types\/product"}],"replies":[{"embeddable":true,"href":"https:\/\/www.re-elektroshop.at\/index.php?rest_route=%2Fwp%2Fv2%2Fcomments&post=42413"}],"wp:featuredmedia":[{"embeddable":true,"href":"https:\/\/www.re-elektroshop.at\/index.php?rest_route=\/wp\/v2\/media\/42412"}],"wp:attachment":[{"href":"https:\/\/www.re-elektroshop.at\/index.php?rest_route=%2Fwp%2Fv2%2Fmedia&parent=42413"}],"curies":[{"name":"wp","href":"https:\/\/api.w.org\/{rel}","templated":true}]}}