{"id":43087,"date":"2021-03-02T17:50:18","date_gmt":"2021-03-02T16:50:18","guid":{"rendered":"http:\/\/www.re-elektroshop.at\/?product=eckverbinder-fuer-1-ph-hv-stromschiene-schutzl-aussen-weiss"},"modified":"2021-03-02T17:50:18","modified_gmt":"2021-03-02T16:50:18","slug":"eckverbinder-fuer-1-ph-hv-stromschiene-schutzl-aussen-weiss","status":"publish","type":"product","link":"https:\/\/www.re-elektroshop.at\/?product=eckverbinder-fuer-1-ph-hv-stromschiene-schutzl-aussen-weiss","title":{"rendered":"Eckverbinder f\u00fcr 1-PH HV-Stromschiene, Schutzl. au\u00dfen, wei\u00df"},"content":{"rendered":"","protected":false},"excerpt":{"rendered":"<p>1<\/p>\n","protected":false},"featured_media":43086,"comment_status":"open","ping_status":"closed","template":"","meta":[],"_links":{"self":[{"href":"https:\/\/www.re-elektroshop.at\/index.php?rest_route=\/wp\/v2\/product\/43087"}],"collection":[{"href":"https:\/\/www.re-elektroshop.at\/index.php?rest_route=\/wp\/v2\/product"}],"about":[{"href":"https:\/\/www.re-elektroshop.at\/index.php?rest_route=\/wp\/v2\/types\/product"}],"replies":[{"embeddable":true,"href":"https:\/\/www.re-elektroshop.at\/index.php?rest_route=%2Fwp%2Fv2%2Fcomments&post=43087"}],"wp:featuredmedia":[{"embeddable":true,"href":"https:\/\/www.re-elektroshop.at\/index.php?rest_route=\/wp\/v2\/media\/43086"}],"wp:attachment":[{"href":"https:\/\/www.re-elektroshop.at\/index.php?rest_route=%2Fwp%2Fv2%2Fmedia&parent=43087"}],"curies":[{"name":"wp","href":"https:\/\/api.w.org\/{rel}","templated":true}]}}