{"id":43143,"date":"2021-03-02T17:51:06","date_gmt":"2021-03-02T16:51:06","guid":{"rendered":"http:\/\/www.re-elektroshop.at\/?product=laengsverbinder-fuer-1-phasen-hv-stromschiene-weiss"},"modified":"2021-03-02T17:51:06","modified_gmt":"2021-03-02T16:51:06","slug":"laengsverbinder-fuer-1-phasen-hv-stromschiene-weiss","status":"publish","type":"product","link":"https:\/\/www.re-elektroshop.at\/?product=laengsverbinder-fuer-1-phasen-hv-stromschiene-weiss","title":{"rendered":"L\u00e4ngsverbinder f\u00fcr 1-Phasen HV-Stromschiene, wei\u00df"},"content":{"rendered":"","protected":false},"excerpt":{"rendered":"<p>1<\/p>\n","protected":false},"featured_media":43142,"comment_status":"open","ping_status":"closed","template":"","meta":[],"_links":{"self":[{"href":"https:\/\/www.re-elektroshop.at\/index.php?rest_route=\/wp\/v2\/product\/43143"}],"collection":[{"href":"https:\/\/www.re-elektroshop.at\/index.php?rest_route=\/wp\/v2\/product"}],"about":[{"href":"https:\/\/www.re-elektroshop.at\/index.php?rest_route=\/wp\/v2\/types\/product"}],"replies":[{"embeddable":true,"href":"https:\/\/www.re-elektroshop.at\/index.php?rest_route=%2Fwp%2Fv2%2Fcomments&post=43143"}],"wp:featuredmedia":[{"embeddable":true,"href":"https:\/\/www.re-elektroshop.at\/index.php?rest_route=\/wp\/v2\/media\/43142"}],"wp:attachment":[{"href":"https:\/\/www.re-elektroshop.at\/index.php?rest_route=%2Fwp%2Fv2%2Fmedia&parent=43143"}],"curies":[{"name":"wp","href":"https:\/\/api.w.org\/{rel}","templated":true}]}}