{"id":43268,"date":"2021-03-02T17:53:48","date_gmt":"2021-03-02T16:53:48","guid":{"rendered":"http:\/\/www.re-elektroshop.at\/?product=verbinder-fuer-1-ph-hv-stromsch-m-einspeisemoeglichkeit-weiss"},"modified":"2021-03-02T17:53:48","modified_gmt":"2021-03-02T16:53:48","slug":"verbinder-fuer-1-ph-hv-stromsch-m-einspeisemoeglichkeit-weiss","status":"publish","type":"product","link":"https:\/\/www.re-elektroshop.at\/?product=verbinder-fuer-1-ph-hv-stromsch-m-einspeisemoeglichkeit-weiss","title":{"rendered":"Verbinder f\u00fcr 1-PH HV-Stromsch m. Einspeisem\u00f6glichkeit, wei\u00df"},"content":{"rendered":"","protected":false},"excerpt":{"rendered":"<p>1<\/p>\n","protected":false},"featured_media":43267,"comment_status":"open","ping_status":"closed","template":"","meta":[],"_links":{"self":[{"href":"https:\/\/www.re-elektroshop.at\/index.php?rest_route=\/wp\/v2\/product\/43268"}],"collection":[{"href":"https:\/\/www.re-elektroshop.at\/index.php?rest_route=\/wp\/v2\/product"}],"about":[{"href":"https:\/\/www.re-elektroshop.at\/index.php?rest_route=\/wp\/v2\/types\/product"}],"replies":[{"embeddable":true,"href":"https:\/\/www.re-elektroshop.at\/index.php?rest_route=%2Fwp%2Fv2%2Fcomments&post=43268"}],"wp:featuredmedia":[{"embeddable":true,"href":"https:\/\/www.re-elektroshop.at\/index.php?rest_route=\/wp\/v2\/media\/43267"}],"wp:attachment":[{"href":"https:\/\/www.re-elektroshop.at\/index.php?rest_route=%2Fwp%2Fv2%2Fmedia&parent=43268"}],"curies":[{"name":"wp","href":"https:\/\/api.w.org\/{rel}","templated":true}]}}