{"id":44356,"date":"2021-03-02T18:16:40","date_gmt":"2021-03-02T17:16:40","guid":{"rendered":"http:\/\/www.re-elektroshop.at\/?product=schluessel-5333-gleichschliessend-fuer-halbzylinder-einsatz"},"modified":"2021-03-02T18:16:40","modified_gmt":"2021-03-02T17:16:40","slug":"schluessel-5333-gleichschliessend-fuer-halbzylinder-einsatz","status":"publish","type":"product","link":"https:\/\/www.re-elektroshop.at\/?product=schluessel-5333-gleichschliessend-fuer-halbzylinder-einsatz","title":{"rendered":"Schl\u00fcssel 5333 gleichschlie\u00dfend f\u00fcr Halbzylinder-Einsatz"},"content":{"rendered":"","protected":false},"excerpt":{"rendered":"<p>1<\/p>\n","protected":false},"featured_media":44355,"comment_status":"open","ping_status":"closed","template":"","meta":[],"_links":{"self":[{"href":"https:\/\/www.re-elektroshop.at\/index.php?rest_route=\/wp\/v2\/product\/44356"}],"collection":[{"href":"https:\/\/www.re-elektroshop.at\/index.php?rest_route=\/wp\/v2\/product"}],"about":[{"href":"https:\/\/www.re-elektroshop.at\/index.php?rest_route=\/wp\/v2\/types\/product"}],"replies":[{"embeddable":true,"href":"https:\/\/www.re-elektroshop.at\/index.php?rest_route=%2Fwp%2Fv2%2Fcomments&post=44356"}],"wp:featuredmedia":[{"embeddable":true,"href":"https:\/\/www.re-elektroshop.at\/index.php?rest_route=\/wp\/v2\/media\/44355"}],"wp:attachment":[{"href":"https:\/\/www.re-elektroshop.at\/index.php?rest_route=%2Fwp%2Fv2%2Fmedia&parent=44356"}],"curies":[{"name":"wp","href":"https:\/\/api.w.org\/{rel}","templated":true}]}}