{"id":45835,"date":"2021-03-03T11:07:05","date_gmt":"2021-03-03T10:07:05","guid":{"rendered":"http:\/\/www.re-elektroshop.at\/?product=verzoegerungseinheit-zu-unterspannungsausloeser-fuer-mc1-mc4"},"modified":"2021-03-03T11:07:05","modified_gmt":"2021-03-03T10:07:05","slug":"verzoegerungseinheit-zu-unterspannungsausloeser-fuer-mc1-mc4","status":"publish","type":"product","link":"https:\/\/www.re-elektroshop.at\/?product=verzoegerungseinheit-zu-unterspannungsausloeser-fuer-mc1-mc4","title":{"rendered":"Verz\u00f6gerungseinheit zu Unterspannungsausl\u00f6ser f\u00fcr MC1-MC4"},"content":{"rendered":"","protected":false},"excerpt":{"rendered":"<p>1<\/p>\n","protected":false},"featured_media":45834,"comment_status":"open","ping_status":"closed","template":"","meta":[],"_links":{"self":[{"href":"https:\/\/www.re-elektroshop.at\/index.php?rest_route=\/wp\/v2\/product\/45835"}],"collection":[{"href":"https:\/\/www.re-elektroshop.at\/index.php?rest_route=\/wp\/v2\/product"}],"about":[{"href":"https:\/\/www.re-elektroshop.at\/index.php?rest_route=\/wp\/v2\/types\/product"}],"replies":[{"embeddable":true,"href":"https:\/\/www.re-elektroshop.at\/index.php?rest_route=%2Fwp%2Fv2%2Fcomments&post=45835"}],"wp:featuredmedia":[{"embeddable":true,"href":"https:\/\/www.re-elektroshop.at\/index.php?rest_route=\/wp\/v2\/media\/45834"}],"wp:attachment":[{"href":"https:\/\/www.re-elektroshop.at\/index.php?rest_route=%2Fwp%2Fv2%2Fmedia&parent=45835"}],"curies":[{"name":"wp","href":"https:\/\/api.w.org\/{rel}","templated":true}]}}