{"id":46071,"date":"2021-03-03T11:10:12","date_gmt":"2021-03-03T10:10:12","guid":{"rendered":"http:\/\/www.re-elektroshop.at\/?product=tiefenerder-anschlussklemme-v4a-o20mm-fuer-rundleiter-o10mm"},"modified":"2021-03-03T11:10:12","modified_gmt":"2021-03-03T10:10:12","slug":"tiefenerder-anschlussklemme-v4a-o20mm-fuer-rundleiter-o10mm","status":"publish","type":"product","link":"https:\/\/www.re-elektroshop.at\/?product=tiefenerder-anschlussklemme-v4a-o20mm-fuer-rundleiter-o10mm","title":{"rendered":"Tiefenerder Anschlussklemme V4A \u00d820mm f\u00fcr Rundleiter \u00d810mm"},"content":{"rendered":"","protected":false},"excerpt":{"rendered":"<p>1<\/p>\n","protected":false},"featured_media":46070,"comment_status":"open","ping_status":"closed","template":"","meta":[],"_links":{"self":[{"href":"https:\/\/www.re-elektroshop.at\/index.php?rest_route=\/wp\/v2\/product\/46071"}],"collection":[{"href":"https:\/\/www.re-elektroshop.at\/index.php?rest_route=\/wp\/v2\/product"}],"about":[{"href":"https:\/\/www.re-elektroshop.at\/index.php?rest_route=\/wp\/v2\/types\/product"}],"replies":[{"embeddable":true,"href":"https:\/\/www.re-elektroshop.at\/index.php?rest_route=%2Fwp%2Fv2%2Fcomments&post=46071"}],"wp:featuredmedia":[{"embeddable":true,"href":"https:\/\/www.re-elektroshop.at\/index.php?rest_route=\/wp\/v2\/media\/46070"}],"wp:attachment":[{"href":"https:\/\/www.re-elektroshop.at\/index.php?rest_route=%2Fwp%2Fv2%2Fmedia&parent=46071"}],"curies":[{"name":"wp","href":"https:\/\/api.w.org\/{rel}","templated":true}]}}