{"id":46267,"date":"2021-03-03T11:12:18","date_gmt":"2021-03-03T10:12:18","guid":{"rendered":"http:\/\/www.re-elektroshop.at\/?product=tiefenerder-v4a-o20mm-laenge15m-mit-raendelung"},"modified":"2021-03-03T11:12:18","modified_gmt":"2021-03-03T10:12:18","slug":"tiefenerder-v4a-o20mm-laenge15m-mit-raendelung","status":"publish","type":"product","link":"https:\/\/www.re-elektroshop.at\/?product=tiefenerder-v4a-o20mm-laenge15m-mit-raendelung","title":{"rendered":"Tiefenerder V4A \u00d820mm, L\u00e4nge:1,5m, mit R\u00e4ndelung"},"content":{"rendered":"","protected":false},"excerpt":{"rendered":"<p>1<\/p>\n","protected":false},"featured_media":46266,"comment_status":"open","ping_status":"closed","template":"","meta":[],"_links":{"self":[{"href":"https:\/\/www.re-elektroshop.at\/index.php?rest_route=\/wp\/v2\/product\/46267"}],"collection":[{"href":"https:\/\/www.re-elektroshop.at\/index.php?rest_route=\/wp\/v2\/product"}],"about":[{"href":"https:\/\/www.re-elektroshop.at\/index.php?rest_route=\/wp\/v2\/types\/product"}],"replies":[{"embeddable":true,"href":"https:\/\/www.re-elektroshop.at\/index.php?rest_route=%2Fwp%2Fv2%2Fcomments&post=46267"}],"wp:featuredmedia":[{"embeddable":true,"href":"https:\/\/www.re-elektroshop.at\/index.php?rest_route=\/wp\/v2\/media\/46266"}],"wp:attachment":[{"href":"https:\/\/www.re-elektroshop.at\/index.php?rest_route=%2Fwp%2Fv2%2Fmedia&parent=46267"}],"curies":[{"name":"wp","href":"https:\/\/api.w.org\/{rel}","templated":true}]}}