{"id":46297,"date":"2021-03-03T11:12:36","date_gmt":"2021-03-03T10:12:36","guid":{"rendered":"http:\/\/www.re-elektroshop.at\/?product=tiefenerder-st-fvz-o20mm-laenge15m-mit-raendelung"},"modified":"2021-03-03T11:12:36","modified_gmt":"2021-03-03T10:12:36","slug":"tiefenerder-st-fvz-o20mm-laenge15m-mit-raendelung","status":"publish","type":"product","link":"https:\/\/www.re-elektroshop.at\/?product=tiefenerder-st-fvz-o20mm-laenge15m-mit-raendelung","title":{"rendered":"Tiefenerder St\/fvz \u00d820mm, L\u00e4nge:1,5m, mit R\u00e4ndelung"},"content":{"rendered":"","protected":false},"excerpt":{"rendered":"<p>1<\/p>\n","protected":false},"featured_media":46296,"comment_status":"open","ping_status":"closed","template":"","meta":[],"_links":{"self":[{"href":"https:\/\/www.re-elektroshop.at\/index.php?rest_route=\/wp\/v2\/product\/46297"}],"collection":[{"href":"https:\/\/www.re-elektroshop.at\/index.php?rest_route=\/wp\/v2\/product"}],"about":[{"href":"https:\/\/www.re-elektroshop.at\/index.php?rest_route=\/wp\/v2\/types\/product"}],"replies":[{"embeddable":true,"href":"https:\/\/www.re-elektroshop.at\/index.php?rest_route=%2Fwp%2Fv2%2Fcomments&post=46297"}],"wp:featuredmedia":[{"embeddable":true,"href":"https:\/\/www.re-elektroshop.at\/index.php?rest_route=\/wp\/v2\/media\/46296"}],"wp:attachment":[{"href":"https:\/\/www.re-elektroshop.at\/index.php?rest_route=%2Fwp%2Fv2%2Fmedia&parent=46297"}],"curies":[{"name":"wp","href":"https:\/\/api.w.org\/{rel}","templated":true}]}}