{"id":46335,"date":"2021-03-03T11:12:59","date_gmt":"2021-03-03T10:12:59","guid":{"rendered":"http:\/\/www.re-elektroshop.at\/?product=drahtrichteisen-fuer-runddraehte-o-8-10-mm-st-fvz"},"modified":"2021-03-03T11:12:59","modified_gmt":"2021-03-03T10:12:59","slug":"drahtrichteisen-fuer-runddraehte-o-8-10-mm-st-fvz","status":"publish","type":"product","link":"https:\/\/www.re-elektroshop.at\/?product=drahtrichteisen-fuer-runddraehte-o-8-10-mm-st-fvz","title":{"rendered":"Drahtrichteisen f\u00fcr Runddr\u00e4hte \u00d8 8-10 mm, St\/fvz"},"content":{"rendered":"","protected":false},"excerpt":{"rendered":"<p>1<\/p>\n","protected":false},"featured_media":46334,"comment_status":"open","ping_status":"closed","template":"","meta":[],"_links":{"self":[{"href":"https:\/\/www.re-elektroshop.at\/index.php?rest_route=\/wp\/v2\/product\/46335"}],"collection":[{"href":"https:\/\/www.re-elektroshop.at\/index.php?rest_route=\/wp\/v2\/product"}],"about":[{"href":"https:\/\/www.re-elektroshop.at\/index.php?rest_route=\/wp\/v2\/types\/product"}],"replies":[{"embeddable":true,"href":"https:\/\/www.re-elektroshop.at\/index.php?rest_route=%2Fwp%2Fv2%2Fcomments&post=46335"}],"wp:featuredmedia":[{"embeddable":true,"href":"https:\/\/www.re-elektroshop.at\/index.php?rest_route=\/wp\/v2\/media\/46334"}],"wp:attachment":[{"href":"https:\/\/www.re-elektroshop.at\/index.php?rest_route=%2Fwp%2Fv2%2Fmedia&parent=46335"}],"curies":[{"name":"wp","href":"https:\/\/api.w.org\/{rel}","templated":true}]}}