{"id":46478,"date":"2021-03-03T11:22:06","date_gmt":"2021-03-03T10:22:06","guid":{"rendered":"http:\/\/www.re-elektroshop.at\/?product=steuerleitungsanschluss-fuer-schraubanschluss-zu-mc2"},"modified":"2021-03-03T11:22:06","modified_gmt":"2021-03-03T10:22:06","slug":"steuerleitungsanschluss-fuer-schraubanschluss-zu-mc2","status":"publish","type":"product","link":"https:\/\/www.re-elektroshop.at\/?product=steuerleitungsanschluss-fuer-schraubanschluss-zu-mc2","title":{"rendered":"Steuerleitungsanschlu\u00df f\u00fcr Schraubanschlu\u00df zu MC2"},"content":{"rendered":"","protected":false},"excerpt":{"rendered":"<p>1<\/p>\n","protected":false},"featured_media":46477,"comment_status":"open","ping_status":"closed","template":"","meta":[],"_links":{"self":[{"href":"https:\/\/www.re-elektroshop.at\/index.php?rest_route=\/wp\/v2\/product\/46478"}],"collection":[{"href":"https:\/\/www.re-elektroshop.at\/index.php?rest_route=\/wp\/v2\/product"}],"about":[{"href":"https:\/\/www.re-elektroshop.at\/index.php?rest_route=\/wp\/v2\/types\/product"}],"replies":[{"embeddable":true,"href":"https:\/\/www.re-elektroshop.at\/index.php?rest_route=%2Fwp%2Fv2%2Fcomments&post=46478"}],"wp:featuredmedia":[{"embeddable":true,"href":"https:\/\/www.re-elektroshop.at\/index.php?rest_route=\/wp\/v2\/media\/46477"}],"wp:attachment":[{"href":"https:\/\/www.re-elektroshop.at\/index.php?rest_route=%2Fwp%2Fv2%2Fmedia&parent=46478"}],"curies":[{"name":"wp","href":"https:\/\/api.w.org\/{rel}","templated":true}]}}