{"id":47648,"date":"2021-03-04T14:42:42","date_gmt":"2021-03-04T13:42:42","guid":{"rendered":"http:\/\/www.re-elektroshop.at\/?product=komplett-ap-gehaeuse-mit-na-pilzschluesseltaster-1s-1oe"},"modified":"2021-03-04T14:42:42","modified_gmt":"2021-03-04T13:42:42","slug":"komplett-ap-gehaeuse-mit-na-pilzschluesseltaster-1s-1oe","status":"publish","type":"product","link":"https:\/\/www.re-elektroshop.at\/?product=komplett-ap-gehaeuse-mit-na-pilzschluesseltaster-1s-1oe","title":{"rendered":"Komplett AP-Geh\u00e4use mit NA-Pilzschl\u00fcsseltaster, 1S+ 1\u00d6"},"content":{"rendered":"","protected":false},"excerpt":{"rendered":"<p>1<\/p>\n","protected":false},"featured_media":47647,"comment_status":"open","ping_status":"closed","template":"","meta":[],"_links":{"self":[{"href":"https:\/\/www.re-elektroshop.at\/index.php?rest_route=\/wp\/v2\/product\/47648"}],"collection":[{"href":"https:\/\/www.re-elektroshop.at\/index.php?rest_route=\/wp\/v2\/product"}],"about":[{"href":"https:\/\/www.re-elektroshop.at\/index.php?rest_route=\/wp\/v2\/types\/product"}],"replies":[{"embeddable":true,"href":"https:\/\/www.re-elektroshop.at\/index.php?rest_route=%2Fwp%2Fv2%2Fcomments&post=47648"}],"wp:featuredmedia":[{"embeddable":true,"href":"https:\/\/www.re-elektroshop.at\/index.php?rest_route=\/wp\/v2\/media\/47647"}],"wp:attachment":[{"href":"https:\/\/www.re-elektroshop.at\/index.php?rest_route=%2Fwp%2Fv2%2Fmedia&parent=47648"}],"curies":[{"name":"wp","href":"https:\/\/api.w.org\/{rel}","templated":true}]}}