{"id":48352,"date":"2021-03-04T15:04:19","date_gmt":"2021-03-04T14:04:19","guid":{"rendered":"http:\/\/www.re-elektroshop.at\/?product=befestigungsset-skiffy-fuer-zaehlergeruest"},"modified":"2021-03-04T15:04:19","modified_gmt":"2021-03-04T14:04:19","slug":"befestigungsset-skiffy-fuer-zaehlergeruest","status":"publish","type":"product","link":"https:\/\/www.re-elektroshop.at\/?product=befestigungsset-skiffy-fuer-zaehlergeruest","title":{"rendered":"Befestigungsset Skiffy f\u00fcr Z\u00e4hlerger\u00fcst"},"content":{"rendered":"","protected":false},"excerpt":{"rendered":"<p>1<\/p>\n","protected":false},"featured_media":48351,"comment_status":"open","ping_status":"closed","template":"","meta":[],"_links":{"self":[{"href":"https:\/\/www.re-elektroshop.at\/index.php?rest_route=\/wp\/v2\/product\/48352"}],"collection":[{"href":"https:\/\/www.re-elektroshop.at\/index.php?rest_route=\/wp\/v2\/product"}],"about":[{"href":"https:\/\/www.re-elektroshop.at\/index.php?rest_route=\/wp\/v2\/types\/product"}],"replies":[{"embeddable":true,"href":"https:\/\/www.re-elektroshop.at\/index.php?rest_route=%2Fwp%2Fv2%2Fcomments&post=48352"}],"wp:featuredmedia":[{"embeddable":true,"href":"https:\/\/www.re-elektroshop.at\/index.php?rest_route=\/wp\/v2\/media\/48351"}],"wp:attachment":[{"href":"https:\/\/www.re-elektroshop.at\/index.php?rest_route=%2Fwp%2Fv2%2Fmedia&parent=48352"}],"curies":[{"name":"wp","href":"https:\/\/api.w.org\/{rel}","templated":true}]}}