{"id":51003,"date":"2021-03-04T15:42:38","date_gmt":"2021-03-04T14:42:38","guid":{"rendered":"http:\/\/www.re-elektroshop.at\/?product=einschubspleissmodul-fuer-modultraeger-3he-inkl-6x-scd-om3"},"modified":"2021-08-05T11:00:26","modified_gmt":"2021-08-05T09:00:26","slug":"einschubspleissmodul-fuer-modultraeger-3he-inkl-6x-scd-om3","status":"publish","type":"product","link":"https:\/\/www.re-elektroshop.at\/?product=einschubspleissmodul-fuer-modultraeger-3he-inkl-6x-scd-om3","title":{"rendered":"Einschubsplei\u00dfmodul f\u00fcr Modultr\u00e4ger, 3HE, inkl. 6x SCD OM3"},"content":{"rendered":"","protected":false},"excerpt":{"rendered":"<p>1<\/p>\n","protected":false},"featured_media":51002,"comment_status":"open","ping_status":"closed","template":"","meta":[],"_links":{"self":[{"href":"https:\/\/www.re-elektroshop.at\/index.php?rest_route=\/wp\/v2\/product\/51003"}],"collection":[{"href":"https:\/\/www.re-elektroshop.at\/index.php?rest_route=\/wp\/v2\/product"}],"about":[{"href":"https:\/\/www.re-elektroshop.at\/index.php?rest_route=\/wp\/v2\/types\/product"}],"replies":[{"embeddable":true,"href":"https:\/\/www.re-elektroshop.at\/index.php?rest_route=%2Fwp%2Fv2%2Fcomments&post=51003"}],"wp:featuredmedia":[{"embeddable":true,"href":"https:\/\/www.re-elektroshop.at\/index.php?rest_route=\/wp\/v2\/media\/51002"}],"wp:attachment":[{"href":"https:\/\/www.re-elektroshop.at\/index.php?rest_route=%2Fwp%2Fv2%2Fmedia&parent=51003"}],"curies":[{"name":"wp","href":"https:\/\/api.w.org\/{rel}","templated":true}]}}