{"id":51047,"date":"2021-03-04T15:43:13","date_gmt":"2021-03-04T14:43:13","guid":{"rendered":"http:\/\/www.re-elektroshop.at\/?product=einschubspleissmodul-fuer-modultraeger-3he-inkl-6xlcd-om3"},"modified":"2021-03-04T15:43:13","modified_gmt":"2021-03-04T14:43:13","slug":"einschubspleissmodul-fuer-modultraeger-3he-inkl-6xlcd-om3","status":"publish","type":"product","link":"https:\/\/www.re-elektroshop.at\/?product=einschubspleissmodul-fuer-modultraeger-3he-inkl-6xlcd-om3","title":{"rendered":"Einschubsplei\u00dfmodul f\u00fcr Modultr\u00e4ger, 3HE, inkl.6xLCD OM3"},"content":{"rendered":"","protected":false},"excerpt":{"rendered":"<p>1<\/p>\n","protected":false},"featured_media":51046,"comment_status":"open","ping_status":"closed","template":"","meta":[],"_links":{"self":[{"href":"https:\/\/www.re-elektroshop.at\/index.php?rest_route=\/wp\/v2\/product\/51047"}],"collection":[{"href":"https:\/\/www.re-elektroshop.at\/index.php?rest_route=\/wp\/v2\/product"}],"about":[{"href":"https:\/\/www.re-elektroshop.at\/index.php?rest_route=\/wp\/v2\/types\/product"}],"replies":[{"embeddable":true,"href":"https:\/\/www.re-elektroshop.at\/index.php?rest_route=%2Fwp%2Fv2%2Fcomments&post=51047"}],"wp:featuredmedia":[{"embeddable":true,"href":"https:\/\/www.re-elektroshop.at\/index.php?rest_route=\/wp\/v2\/media\/51046"}],"wp:attachment":[{"href":"https:\/\/www.re-elektroshop.at\/index.php?rest_route=%2Fwp%2Fv2%2Fmedia&parent=51047"}],"curies":[{"name":"wp","href":"https:\/\/api.w.org\/{rel}","templated":true}]}}