{"id":51065,"date":"2021-03-04T15:43:25","date_gmt":"2021-03-04T14:43:25","guid":{"rendered":"http:\/\/www.re-elektroshop.at\/?product=einschubspleissmodul-fuer-modultraeger-3he-inkl-12xe2000-om4"},"modified":"2021-03-04T15:43:25","modified_gmt":"2021-03-04T14:43:25","slug":"einschubspleissmodul-fuer-modultraeger-3he-inkl-12xe2000-om4","status":"publish","type":"product","link":"https:\/\/www.re-elektroshop.at\/?product=einschubspleissmodul-fuer-modultraeger-3he-inkl-12xe2000-om4","title":{"rendered":"Einschubsplei\u00dfmodul f\u00fcr Modultr\u00e4ger, 3HE, inkl.12xE2000 OM4"},"content":{"rendered":"","protected":false},"excerpt":{"rendered":"<p>1<\/p>\n","protected":false},"featured_media":51064,"comment_status":"open","ping_status":"closed","template":"","meta":[],"_links":{"self":[{"href":"https:\/\/www.re-elektroshop.at\/index.php?rest_route=\/wp\/v2\/product\/51065"}],"collection":[{"href":"https:\/\/www.re-elektroshop.at\/index.php?rest_route=\/wp\/v2\/product"}],"about":[{"href":"https:\/\/www.re-elektroshop.at\/index.php?rest_route=\/wp\/v2\/types\/product"}],"replies":[{"embeddable":true,"href":"https:\/\/www.re-elektroshop.at\/index.php?rest_route=%2Fwp%2Fv2%2Fcomments&post=51065"}],"wp:featuredmedia":[{"embeddable":true,"href":"https:\/\/www.re-elektroshop.at\/index.php?rest_route=\/wp\/v2\/media\/51064"}],"wp:attachment":[{"href":"https:\/\/www.re-elektroshop.at\/index.php?rest_route=%2Fwp%2Fv2%2Fmedia&parent=51065"}],"curies":[{"name":"wp","href":"https:\/\/api.w.org\/{rel}","templated":true}]}}