{"id":51134,"date":"2021-03-04T15:44:49","date_gmt":"2021-03-04T14:44:49","guid":{"rendered":"http:\/\/www.re-elektroshop.at\/?product=lwl-spleisskassettenset-inkl-6x-blaetterbare-spleisskassetten"},"modified":"2021-03-04T15:44:49","modified_gmt":"2021-03-04T14:44:49","slug":"lwl-spleisskassettenset-inkl-6x-blaetterbare-spleisskassetten","status":"publish","type":"product","link":"https:\/\/www.re-elektroshop.at\/?product=lwl-spleisskassettenset-inkl-6x-blaetterbare-spleisskassetten","title":{"rendered":"LWL-Splei\u00dfkassettenset inkl. 6x bl\u00e4tterbare Splei\u00dfkassetten"},"content":{"rendered":"","protected":false},"excerpt":{"rendered":"<p>1<\/p>\n","protected":false},"featured_media":51133,"comment_status":"open","ping_status":"closed","template":"","meta":[],"_links":{"self":[{"href":"https:\/\/www.re-elektroshop.at\/index.php?rest_route=\/wp\/v2\/product\/51134"}],"collection":[{"href":"https:\/\/www.re-elektroshop.at\/index.php?rest_route=\/wp\/v2\/product"}],"about":[{"href":"https:\/\/www.re-elektroshop.at\/index.php?rest_route=\/wp\/v2\/types\/product"}],"replies":[{"embeddable":true,"href":"https:\/\/www.re-elektroshop.at\/index.php?rest_route=%2Fwp%2Fv2%2Fcomments&post=51134"}],"wp:featuredmedia":[{"embeddable":true,"href":"https:\/\/www.re-elektroshop.at\/index.php?rest_route=\/wp\/v2\/media\/51133"}],"wp:attachment":[{"href":"https:\/\/www.re-elektroshop.at\/index.php?rest_route=%2Fwp%2Fv2%2Fmedia&parent=51134"}],"curies":[{"name":"wp","href":"https:\/\/api.w.org\/{rel}","templated":true}]}}