{"id":51477,"date":"2021-03-04T15:49:21","date_gmt":"2021-03-04T14:49:21","guid":{"rendered":"http:\/\/www.re-elektroshop.at\/?product=farbkodierung-fuer-dualboot-led-patchkabel-weiss-100-stueck"},"modified":"2021-03-04T15:49:21","modified_gmt":"2021-03-04T14:49:21","slug":"farbkodierung-fuer-dualboot-led-patchkabel-weiss-100-stueck","status":"publish","type":"product","link":"https:\/\/www.re-elektroshop.at\/?product=farbkodierung-fuer-dualboot-led-patchkabel-weiss-100-stueck","title":{"rendered":"Farbkodierung f\u00fcr DualBoot LED Patchkabel, wei\u00df, 100 St\u00fcck"},"content":{"rendered":"","protected":false},"excerpt":{"rendered":"<p>1<\/p>\n","protected":false},"featured_media":51476,"comment_status":"open","ping_status":"closed","template":"","meta":[],"_links":{"self":[{"href":"https:\/\/www.re-elektroshop.at\/index.php?rest_route=\/wp\/v2\/product\/51477"}],"collection":[{"href":"https:\/\/www.re-elektroshop.at\/index.php?rest_route=\/wp\/v2\/product"}],"about":[{"href":"https:\/\/www.re-elektroshop.at\/index.php?rest_route=\/wp\/v2\/types\/product"}],"replies":[{"embeddable":true,"href":"https:\/\/www.re-elektroshop.at\/index.php?rest_route=%2Fwp%2Fv2%2Fcomments&post=51477"}],"wp:featuredmedia":[{"embeddable":true,"href":"https:\/\/www.re-elektroshop.at\/index.php?rest_route=\/wp\/v2\/media\/51476"}],"wp:attachment":[{"href":"https:\/\/www.re-elektroshop.at\/index.php?rest_route=%2Fwp%2Fv2%2Fmedia&parent=51477"}],"curies":[{"name":"wp","href":"https:\/\/api.w.org\/{rel}","templated":true}]}}