{"id":52291,"date":"2021-03-04T16:04:46","date_gmt":"2021-03-04T15:04:46","guid":{"rendered":"http:\/\/www.re-elektroshop.at\/?product=quadratisches-ueberschubgehaeuse-b1-fuer-notleuchten-nlild"},"modified":"2021-03-04T16:04:46","modified_gmt":"2021-03-04T15:04:46","slug":"quadratisches-ueberschubgehaeuse-b1-fuer-notleuchten-nlild","status":"publish","type":"product","link":"https:\/\/www.re-elektroshop.at\/?product=quadratisches-ueberschubgehaeuse-b1-fuer-notleuchten-nlild","title":{"rendered":"Quadratisches \u00dcberschubgeh\u00e4use B1 f\u00fcr Notleuchten NLILD.."},"content":{"rendered":"","protected":false},"excerpt":{"rendered":"<p>1<\/p>\n","protected":false},"featured_media":52290,"comment_status":"open","ping_status":"closed","template":"","meta":[],"_links":{"self":[{"href":"https:\/\/www.re-elektroshop.at\/index.php?rest_route=\/wp\/v2\/product\/52291"}],"collection":[{"href":"https:\/\/www.re-elektroshop.at\/index.php?rest_route=\/wp\/v2\/product"}],"about":[{"href":"https:\/\/www.re-elektroshop.at\/index.php?rest_route=\/wp\/v2\/types\/product"}],"replies":[{"embeddable":true,"href":"https:\/\/www.re-elektroshop.at\/index.php?rest_route=%2Fwp%2Fv2%2Fcomments&post=52291"}],"wp:featuredmedia":[{"embeddable":true,"href":"https:\/\/www.re-elektroshop.at\/index.php?rest_route=\/wp\/v2\/media\/52290"}],"wp:attachment":[{"href":"https:\/\/www.re-elektroshop.at\/index.php?rest_route=%2Fwp%2Fv2%2Fmedia&parent=52291"}],"curies":[{"name":"wp","href":"https:\/\/api.w.org\/{rel}","templated":true}]}}