{"id":52380,"date":"2021-03-04T16:05:47","date_gmt":"2021-03-04T15:05:47","guid":{"rendered":"http:\/\/www.re-elektroshop.at\/?product=distanzplatte-fuer-nlild-fuer-seitliche-kabeleinfuehrung"},"modified":"2021-03-04T16:05:47","modified_gmt":"2021-03-04T15:05:47","slug":"distanzplatte-fuer-nlild-fuer-seitliche-kabeleinfuehrung","status":"publish","type":"product","link":"https:\/\/www.re-elektroshop.at\/?product=distanzplatte-fuer-nlild-fuer-seitliche-kabeleinfuehrung","title":{"rendered":"Distanzplatte f\u00fcr NLILD.. f\u00fcr seitliche Kabeleinf\u00fchrung"},"content":{"rendered":"","protected":false},"excerpt":{"rendered":"<p>1<\/p>\n","protected":false},"featured_media":52379,"comment_status":"open","ping_status":"closed","template":"","meta":[],"_links":{"self":[{"href":"https:\/\/www.re-elektroshop.at\/index.php?rest_route=\/wp\/v2\/product\/52380"}],"collection":[{"href":"https:\/\/www.re-elektroshop.at\/index.php?rest_route=\/wp\/v2\/product"}],"about":[{"href":"https:\/\/www.re-elektroshop.at\/index.php?rest_route=\/wp\/v2\/types\/product"}],"replies":[{"embeddable":true,"href":"https:\/\/www.re-elektroshop.at\/index.php?rest_route=%2Fwp%2Fv2%2Fcomments&post=52380"}],"wp:featuredmedia":[{"embeddable":true,"href":"https:\/\/www.re-elektroshop.at\/index.php?rest_route=\/wp\/v2\/media\/52379"}],"wp:attachment":[{"href":"https:\/\/www.re-elektroshop.at\/index.php?rest_route=%2Fwp%2Fv2%2Fmedia&parent=52380"}],"curies":[{"name":"wp","href":"https:\/\/api.w.org\/{rel}","templated":true}]}}