{"id":52779,"date":"2021-03-04T16:13:15","date_gmt":"2021-03-04T15:13:15","guid":{"rendered":"http:\/\/www.re-elektroshop.at\/?product=ip65-gehaeuse-fuer-il-deckenanbauleuchte-weiss"},"modified":"2021-03-04T16:13:15","modified_gmt":"2021-03-04T15:13:15","slug":"ip65-gehaeuse-fuer-il-deckenanbauleuchte-weiss","status":"publish","type":"product","link":"https:\/\/www.re-elektroshop.at\/?product=ip65-gehaeuse-fuer-il-deckenanbauleuchte-weiss","title":{"rendered":"IP65 Geh\u00e4use f\u00fcr IL Deckenanbauleuchte, wei\u00df"},"content":{"rendered":"","protected":false},"excerpt":{"rendered":"<p>1<\/p>\n","protected":false},"featured_media":52778,"comment_status":"open","ping_status":"closed","template":"","meta":[],"_links":{"self":[{"href":"https:\/\/www.re-elektroshop.at\/index.php?rest_route=\/wp\/v2\/product\/52779"}],"collection":[{"href":"https:\/\/www.re-elektroshop.at\/index.php?rest_route=\/wp\/v2\/product"}],"about":[{"href":"https:\/\/www.re-elektroshop.at\/index.php?rest_route=\/wp\/v2\/types\/product"}],"replies":[{"embeddable":true,"href":"https:\/\/www.re-elektroshop.at\/index.php?rest_route=%2Fwp%2Fv2%2Fcomments&post=52779"}],"wp:featuredmedia":[{"embeddable":true,"href":"https:\/\/www.re-elektroshop.at\/index.php?rest_route=\/wp\/v2\/media\/52778"}],"wp:attachment":[{"href":"https:\/\/www.re-elektroshop.at\/index.php?rest_route=%2Fwp%2Fv2%2Fmedia&parent=52779"}],"curies":[{"name":"wp","href":"https:\/\/api.w.org\/{rel}","templated":true}]}}