{"id":53116,"date":"2021-03-04T16:26:17","date_gmt":"2021-03-04T15:26:17","guid":{"rendered":"http:\/\/www.re-elektroshop.at\/?product=triangel-anbaugehaeuse-fuer-dl-126-einbauleuchte-weiss"},"modified":"2021-03-04T16:26:17","modified_gmt":"2021-03-04T15:26:17","slug":"triangel-anbaugehaeuse-fuer-dl-126-einbauleuchte-weiss","status":"publish","type":"product","link":"https:\/\/www.re-elektroshop.at\/?product=triangel-anbaugehaeuse-fuer-dl-126-einbauleuchte-weiss","title":{"rendered":"Triangel Anbaugeh\u00e4use f\u00fcr DL 126 Einbauleuchte, wei\u00df"},"content":{"rendered":"","protected":false},"excerpt":{"rendered":"<p>1<\/p>\n","protected":false},"featured_media":53115,"comment_status":"open","ping_status":"closed","template":"","meta":[],"_links":{"self":[{"href":"https:\/\/www.re-elektroshop.at\/index.php?rest_route=\/wp\/v2\/product\/53116"}],"collection":[{"href":"https:\/\/www.re-elektroshop.at\/index.php?rest_route=\/wp\/v2\/product"}],"about":[{"href":"https:\/\/www.re-elektroshop.at\/index.php?rest_route=\/wp\/v2\/types\/product"}],"replies":[{"embeddable":true,"href":"https:\/\/www.re-elektroshop.at\/index.php?rest_route=%2Fwp%2Fv2%2Fcomments&post=53116"}],"wp:featuredmedia":[{"embeddable":true,"href":"https:\/\/www.re-elektroshop.at\/index.php?rest_route=\/wp\/v2\/media\/53115"}],"wp:attachment":[{"href":"https:\/\/www.re-elektroshop.at\/index.php?rest_route=%2Fwp%2Fv2%2Fmedia&parent=53116"}],"curies":[{"name":"wp","href":"https:\/\/api.w.org\/{rel}","templated":true}]}}