{"id":54496,"date":"2021-03-04T17:39:20","date_gmt":"2021-03-04T16:39:20","guid":{"rendered":"http:\/\/www.re-elektroshop.at\/?product=netzgeraet-33v-dc-speziell-fuer-316-touch-aussenstelle-vip"},"modified":"2021-03-04T17:39:20","modified_gmt":"2021-03-04T16:39:20","slug":"netzgeraet-33v-dc-speziell-fuer-316-touch-aussenstelle-vip","status":"publish","type":"product","link":"https:\/\/www.re-elektroshop.at\/?product=netzgeraet-33v-dc-speziell-fuer-316-touch-aussenstelle-vip","title":{"rendered":"Netzger\u00e4t 33V DC speziell f\u00fcr 316 TOUCH Au\u00dfenstelle, VIP"},"content":{"rendered":"","protected":false},"excerpt":{"rendered":"<p>1<\/p>\n","protected":false},"featured_media":54495,"comment_status":"open","ping_status":"closed","template":"","meta":[],"_links":{"self":[{"href":"https:\/\/www.re-elektroshop.at\/index.php?rest_route=\/wp\/v2\/product\/54496"}],"collection":[{"href":"https:\/\/www.re-elektroshop.at\/index.php?rest_route=\/wp\/v2\/product"}],"about":[{"href":"https:\/\/www.re-elektroshop.at\/index.php?rest_route=\/wp\/v2\/types\/product"}],"replies":[{"embeddable":true,"href":"https:\/\/www.re-elektroshop.at\/index.php?rest_route=%2Fwp%2Fv2%2Fcomments&post=54496"}],"wp:featuredmedia":[{"embeddable":true,"href":"https:\/\/www.re-elektroshop.at\/index.php?rest_route=\/wp\/v2\/media\/54495"}],"wp:attachment":[{"href":"https:\/\/www.re-elektroshop.at\/index.php?rest_route=%2Fwp%2Fv2%2Fmedia&parent=54496"}],"curies":[{"name":"wp","href":"https:\/\/api.w.org\/{rel}","templated":true}]}}