{"id":54900,"date":"2021-03-04T17:53:33","date_gmt":"2021-03-04T16:53:33","guid":{"rendered":"http:\/\/www.re-elektroshop.at\/?product=drahtseilabhaengung-set-mit-kabel-fuer-s-track-3p-weiss-5m"},"modified":"2021-03-04T17:53:33","modified_gmt":"2021-03-04T16:53:33","slug":"drahtseilabhaengung-set-mit-kabel-fuer-s-track-3p-weiss-5m","status":"publish","type":"product","link":"https:\/\/www.re-elektroshop.at\/?product=drahtseilabhaengung-set-mit-kabel-fuer-s-track-3p-weiss-5m","title":{"rendered":"Drahtseilabh\u00e4ngung-Set mit Kabel f\u00fcr S-TRACK 3P, wei\u00df, 5m"},"content":{"rendered":"","protected":false},"excerpt":{"rendered":"<p>1<\/p>\n","protected":false},"featured_media":54899,"comment_status":"open","ping_status":"closed","template":"","meta":[],"_links":{"self":[{"href":"https:\/\/www.re-elektroshop.at\/index.php?rest_route=\/wp\/v2\/product\/54900"}],"collection":[{"href":"https:\/\/www.re-elektroshop.at\/index.php?rest_route=\/wp\/v2\/product"}],"about":[{"href":"https:\/\/www.re-elektroshop.at\/index.php?rest_route=\/wp\/v2\/types\/product"}],"replies":[{"embeddable":true,"href":"https:\/\/www.re-elektroshop.at\/index.php?rest_route=%2Fwp%2Fv2%2Fcomments&post=54900"}],"wp:featuredmedia":[{"embeddable":true,"href":"https:\/\/www.re-elektroshop.at\/index.php?rest_route=\/wp\/v2\/media\/54899"}],"wp:attachment":[{"href":"https:\/\/www.re-elektroshop.at\/index.php?rest_route=%2Fwp%2Fv2%2Fmedia&parent=54900"}],"curies":[{"name":"wp","href":"https:\/\/api.w.org\/{rel}","templated":true}]}}