{"id":55297,"date":"2021-03-04T18:32:45","date_gmt":"2021-03-04T17:32:45","guid":{"rendered":"http:\/\/www.re-elektroshop.at\/?product=eutrac-pendelabhaengung-fuer-3-phasenstromschiene-120cm-weiss"},"modified":"2021-03-04T18:32:45","modified_gmt":"2021-03-04T17:32:45","slug":"eutrac-pendelabhaengung-fuer-3-phasenstromschiene-120cm-weiss","status":"publish","type":"product","link":"https:\/\/www.re-elektroshop.at\/?product=eutrac-pendelabhaengung-fuer-3-phasenstromschiene-120cm-weiss","title":{"rendered":"EUTRAC Pendelabh\u00e4ngung f\u00fcr 3-Phasenstromschiene, 120cm, wei\u00df"},"content":{"rendered":"","protected":false},"excerpt":{"rendered":"<p>1<\/p>\n","protected":false},"featured_media":55296,"comment_status":"open","ping_status":"closed","template":"","meta":[],"_links":{"self":[{"href":"https:\/\/www.re-elektroshop.at\/index.php?rest_route=\/wp\/v2\/product\/55297"}],"collection":[{"href":"https:\/\/www.re-elektroshop.at\/index.php?rest_route=\/wp\/v2\/product"}],"about":[{"href":"https:\/\/www.re-elektroshop.at\/index.php?rest_route=\/wp\/v2\/types\/product"}],"replies":[{"embeddable":true,"href":"https:\/\/www.re-elektroshop.at\/index.php?rest_route=%2Fwp%2Fv2%2Fcomments&post=55297"}],"wp:featuredmedia":[{"embeddable":true,"href":"https:\/\/www.re-elektroshop.at\/index.php?rest_route=\/wp\/v2\/media\/55296"}],"wp:attachment":[{"href":"https:\/\/www.re-elektroshop.at\/index.php?rest_route=%2Fwp%2Fv2%2Fmedia&parent=55297"}],"curies":[{"name":"wp","href":"https:\/\/api.w.org\/{rel}","templated":true}]}}