{"id":55495,"date":"2021-03-04T18:35:11","date_gmt":"2021-03-04T17:35:11","guid":{"rendered":"http:\/\/www.re-elektroshop.at\/?product=isolierte-leitung-beidseitig-oese-fuer-m6-gruen-gelb-4-mm%c2%b2"},"modified":"2021-03-04T18:35:11","modified_gmt":"2021-03-04T17:35:11","slug":"isolierte-leitung-beidseitig-oese-fuer-m6-gruen-gelb-4-mm%c2%b2","status":"publish","type":"product","link":"https:\/\/www.re-elektroshop.at\/?product=isolierte-leitung-beidseitig-oese-fuer-m6-gruen-gelb-4-mm%c2%b2","title":{"rendered":"Isolierte Leitung, beidseitig \u00d6se f\u00fcr M6, gr\u00fcn\/gelb, 4 mm\u00b2"},"content":{"rendered":"","protected":false},"excerpt":{"rendered":"<p>1<\/p>\n","protected":false},"featured_media":55494,"comment_status":"open","ping_status":"closed","template":"","meta":[],"_links":{"self":[{"href":"https:\/\/www.re-elektroshop.at\/index.php?rest_route=\/wp\/v2\/product\/55495"}],"collection":[{"href":"https:\/\/www.re-elektroshop.at\/index.php?rest_route=\/wp\/v2\/product"}],"about":[{"href":"https:\/\/www.re-elektroshop.at\/index.php?rest_route=\/wp\/v2\/types\/product"}],"replies":[{"embeddable":true,"href":"https:\/\/www.re-elektroshop.at\/index.php?rest_route=%2Fwp%2Fv2%2Fcomments&post=55495"}],"wp:featuredmedia":[{"embeddable":true,"href":"https:\/\/www.re-elektroshop.at\/index.php?rest_route=\/wp\/v2\/media\/55494"}],"wp:attachment":[{"href":"https:\/\/www.re-elektroshop.at\/index.php?rest_route=%2Fwp%2Fv2%2Fmedia&parent=55495"}],"curies":[{"name":"wp","href":"https:\/\/api.w.org\/{rel}","templated":true}]}}