{"id":56509,"date":"2021-03-05T11:08:18","date_gmt":"2021-03-05T10:08:18","guid":{"rendered":"http:\/\/www.re-elektroshop.at\/?product=ueberspannungsschutz-geraetefeinschutz-fuer-busgeraet"},"modified":"2021-03-05T11:08:18","modified_gmt":"2021-03-05T10:08:18","slug":"ueberspannungsschutz-geraetefeinschutz-fuer-busgeraet","status":"publish","type":"product","link":"https:\/\/www.re-elektroshop.at\/?product=ueberspannungsschutz-geraetefeinschutz-fuer-busgeraet","title":{"rendered":"\u00dcberspannungsschutz, Ger\u00e4tefeinschutz f\u00fcr Busger\u00e4t"},"content":{"rendered":"","protected":false},"excerpt":{"rendered":"<p>1<\/p>\n","protected":false},"featured_media":56508,"comment_status":"open","ping_status":"closed","template":"","meta":[],"_links":{"self":[{"href":"https:\/\/www.re-elektroshop.at\/index.php?rest_route=\/wp\/v2\/product\/56509"}],"collection":[{"href":"https:\/\/www.re-elektroshop.at\/index.php?rest_route=\/wp\/v2\/product"}],"about":[{"href":"https:\/\/www.re-elektroshop.at\/index.php?rest_route=\/wp\/v2\/types\/product"}],"replies":[{"embeddable":true,"href":"https:\/\/www.re-elektroshop.at\/index.php?rest_route=%2Fwp%2Fv2%2Fcomments&post=56509"}],"wp:featuredmedia":[{"embeddable":true,"href":"https:\/\/www.re-elektroshop.at\/index.php?rest_route=\/wp\/v2\/media\/56508"}],"wp:attachment":[{"href":"https:\/\/www.re-elektroshop.at\/index.php?rest_route=%2Fwp%2Fv2%2Fmedia&parent=56509"}],"curies":[{"name":"wp","href":"https:\/\/api.w.org\/{rel}","templated":true}]}}