{"id":56642,"date":"2021-03-05T11:11:28","date_gmt":"2021-03-05T10:11:28","guid":{"rendered":"http:\/\/www.re-elektroshop.at\/?product=binaereingabegeraet-8-eingaenge-fuer-potentialfreie-kontakte"},"modified":"2021-03-05T11:11:28","modified_gmt":"2021-03-05T10:11:28","slug":"binaereingabegeraet-8-eingaenge-fuer-potentialfreie-kontakte","status":"publish","type":"product","link":"https:\/\/www.re-elektroshop.at\/?product=binaereingabegeraet-8-eingaenge-fuer-potentialfreie-kontakte","title":{"rendered":"Bin\u00e4reingabeger\u00e4t, 8 Eing\u00e4nge f\u00fcr potentialfreie Kontakte"},"content":{"rendered":"","protected":false},"excerpt":{"rendered":"<p>1<\/p>\n","protected":false},"featured_media":56641,"comment_status":"open","ping_status":"closed","template":"","meta":[],"_links":{"self":[{"href":"https:\/\/www.re-elektroshop.at\/index.php?rest_route=\/wp\/v2\/product\/56642"}],"collection":[{"href":"https:\/\/www.re-elektroshop.at\/index.php?rest_route=\/wp\/v2\/product"}],"about":[{"href":"https:\/\/www.re-elektroshop.at\/index.php?rest_route=\/wp\/v2\/types\/product"}],"replies":[{"embeddable":true,"href":"https:\/\/www.re-elektroshop.at\/index.php?rest_route=%2Fwp%2Fv2%2Fcomments&post=56642"}],"wp:featuredmedia":[{"embeddable":true,"href":"https:\/\/www.re-elektroshop.at\/index.php?rest_route=\/wp\/v2\/media\/56641"}],"wp:attachment":[{"href":"https:\/\/www.re-elektroshop.at\/index.php?rest_route=%2Fwp%2Fv2%2Fmedia&parent=56642"}],"curies":[{"name":"wp","href":"https:\/\/api.w.org\/{rel}","templated":true}]}}