{"id":56915,"date":"2021-03-05T11:16:51","date_gmt":"2021-03-05T10:16:51","guid":{"rendered":"http:\/\/www.re-elektroshop.at\/?product=neutralleiter-stuetze-groesse-00-m8-bride-1-polig"},"modified":"2021-03-05T11:16:51","modified_gmt":"2021-03-05T10:16:51","slug":"neutralleiter-stuetze-groesse-00-m8-bride-1-polig","status":"publish","type":"product","link":"https:\/\/www.re-elektroshop.at\/?product=neutralleiter-stuetze-groesse-00-m8-bride-1-polig","title":{"rendered":"Neutralleiter-St\u00fctze, Gr\u00f6\u00dfe 00, M8\/Bride, 1-polig"},"content":{"rendered":"","protected":false},"excerpt":{"rendered":"<p>1<\/p>\n","protected":false},"featured_media":56914,"comment_status":"open","ping_status":"closed","template":"","meta":[],"_links":{"self":[{"href":"https:\/\/www.re-elektroshop.at\/index.php?rest_route=\/wp\/v2\/product\/56915"}],"collection":[{"href":"https:\/\/www.re-elektroshop.at\/index.php?rest_route=\/wp\/v2\/product"}],"about":[{"href":"https:\/\/www.re-elektroshop.at\/index.php?rest_route=\/wp\/v2\/types\/product"}],"replies":[{"embeddable":true,"href":"https:\/\/www.re-elektroshop.at\/index.php?rest_route=%2Fwp%2Fv2%2Fcomments&post=56915"}],"wp:featuredmedia":[{"embeddable":true,"href":"https:\/\/www.re-elektroshop.at\/index.php?rest_route=\/wp\/v2\/media\/56914"}],"wp:attachment":[{"href":"https:\/\/www.re-elektroshop.at\/index.php?rest_route=%2Fwp%2Fv2%2Fmedia&parent=56915"}],"curies":[{"name":"wp","href":"https:\/\/api.w.org\/{rel}","templated":true}]}}