{"id":57295,"date":"2021-03-05T11:28:15","date_gmt":"2021-03-05T10:28:15","guid":{"rendered":"http:\/\/www.re-elektroshop.at\/?product=phasentrennwand-fuer-groesse-00"},"modified":"2021-03-05T11:28:15","modified_gmt":"2021-03-05T10:28:15","slug":"phasentrennwand-fuer-groesse-00","status":"publish","type":"product","link":"https:\/\/www.re-elektroshop.at\/?product=phasentrennwand-fuer-groesse-00","title":{"rendered":"Phasentrennwand f\u00fcr Gr\u00f6\u00dfe 00"},"content":{"rendered":"","protected":false},"excerpt":{"rendered":"<p>1<\/p>\n","protected":false},"featured_media":57294,"comment_status":"open","ping_status":"closed","template":"","meta":[],"_links":{"self":[{"href":"https:\/\/www.re-elektroshop.at\/index.php?rest_route=\/wp\/v2\/product\/57295"}],"collection":[{"href":"https:\/\/www.re-elektroshop.at\/index.php?rest_route=\/wp\/v2\/product"}],"about":[{"href":"https:\/\/www.re-elektroshop.at\/index.php?rest_route=\/wp\/v2\/types\/product"}],"replies":[{"embeddable":true,"href":"https:\/\/www.re-elektroshop.at\/index.php?rest_route=%2Fwp%2Fv2%2Fcomments&post=57295"}],"wp:featuredmedia":[{"embeddable":true,"href":"https:\/\/www.re-elektroshop.at\/index.php?rest_route=\/wp\/v2\/media\/57294"}],"wp:attachment":[{"href":"https:\/\/www.re-elektroshop.at\/index.php?rest_route=%2Fwp%2Fv2%2Fmedia&parent=57295"}],"curies":[{"name":"wp","href":"https:\/\/api.w.org\/{rel}","templated":true}]}}