{"id":57318,"date":"2021-03-05T11:28:39","date_gmt":"2021-03-05T10:28:39","guid":{"rendered":"http:\/\/www.re-elektroshop.at\/?product=abdeckhaube-fuer-nh-unterteile-groesse-2"},"modified":"2021-03-05T11:28:39","modified_gmt":"2021-03-05T10:28:39","slug":"abdeckhaube-fuer-nh-unterteile-groesse-2","status":"publish","type":"product","link":"https:\/\/www.re-elektroshop.at\/?product=abdeckhaube-fuer-nh-unterteile-groesse-2","title":{"rendered":"Abdeckhaube f\u00fcr NH-Unterteile Gr\u00f6\u00dfe 2"},"content":{"rendered":"","protected":false},"excerpt":{"rendered":"<p>1<\/p>\n","protected":false},"featured_media":0,"comment_status":"open","ping_status":"closed","template":"","meta":[],"_links":{"self":[{"href":"https:\/\/www.re-elektroshop.at\/index.php?rest_route=\/wp\/v2\/product\/57318"}],"collection":[{"href":"https:\/\/www.re-elektroshop.at\/index.php?rest_route=\/wp\/v2\/product"}],"about":[{"href":"https:\/\/www.re-elektroshop.at\/index.php?rest_route=\/wp\/v2\/types\/product"}],"replies":[{"embeddable":true,"href":"https:\/\/www.re-elektroshop.at\/index.php?rest_route=%2Fwp%2Fv2%2Fcomments&post=57318"}],"wp:attachment":[{"href":"https:\/\/www.re-elektroshop.at\/index.php?rest_route=%2Fwp%2Fv2%2Fmedia&parent=57318"}],"curies":[{"name":"wp","href":"https:\/\/api.w.org\/{rel}","templated":true}]}}