{"id":57327,"date":"2021-03-05T11:28:45","date_gmt":"2021-03-05T10:28:45","guid":{"rendered":"http:\/\/www.re-elektroshop.at\/?product=raumbediengeraet-mit-display-fuehler-fuer-temperatur"},"modified":"2021-03-05T11:28:45","modified_gmt":"2021-03-05T10:28:45","slug":"raumbediengeraet-mit-display-fuehler-fuer-temperatur","status":"publish","type":"product","link":"https:\/\/www.re-elektroshop.at\/?product=raumbediengeraet-mit-display-fuehler-fuer-temperatur","title":{"rendered":"Raumbedienger\u00e4t mit Display, F\u00fchler f\u00fcr Temperatur"},"content":{"rendered":"","protected":false},"excerpt":{"rendered":"<p>1<\/p>\n","protected":false},"featured_media":57326,"comment_status":"open","ping_status":"closed","template":"","meta":[],"_links":{"self":[{"href":"https:\/\/www.re-elektroshop.at\/index.php?rest_route=\/wp\/v2\/product\/57327"}],"collection":[{"href":"https:\/\/www.re-elektroshop.at\/index.php?rest_route=\/wp\/v2\/product"}],"about":[{"href":"https:\/\/www.re-elektroshop.at\/index.php?rest_route=\/wp\/v2\/types\/product"}],"replies":[{"embeddable":true,"href":"https:\/\/www.re-elektroshop.at\/index.php?rest_route=%2Fwp%2Fv2%2Fcomments&post=57327"}],"wp:featuredmedia":[{"embeddable":true,"href":"https:\/\/www.re-elektroshop.at\/index.php?rest_route=\/wp\/v2\/media\/57326"}],"wp:attachment":[{"href":"https:\/\/www.re-elektroshop.at\/index.php?rest_route=%2Fwp%2Fv2%2Fmedia&parent=57327"}],"curies":[{"name":"wp","href":"https:\/\/api.w.org\/{rel}","templated":true}]}}