{"id":5755,"date":"2021-02-25T14:41:39","date_gmt":"2021-02-25T13:41:39","guid":{"rendered":"http:\/\/www.re-elektroshop.at\/?product=leistungsschuetz-11kw-25a-ac3-110vac-baugroesse-0"},"modified":"2021-06-07T18:45:54","modified_gmt":"2021-06-07T16:45:54","slug":"leistungsschuetz-11kw-25a-ac3-110vac-baugroesse-0","status":"publish","type":"product","link":"https:\/\/www.re-elektroshop.at\/?product=leistungsschuetz-11kw-25a-ac3-110vac-baugroesse-0","title":{"rendered":"Leistungssch\u00fctz 11kW, 25A AC3, 110VAC, Baugr\u00f6\u00dfe 0"},"content":{"rendered":"","protected":false},"excerpt":{"rendered":"<p>1<\/p>\n","protected":false},"featured_media":5754,"comment_status":"open","ping_status":"closed","template":"","meta":[],"_links":{"self":[{"href":"https:\/\/www.re-elektroshop.at\/index.php?rest_route=\/wp\/v2\/product\/5755"}],"collection":[{"href":"https:\/\/www.re-elektroshop.at\/index.php?rest_route=\/wp\/v2\/product"}],"about":[{"href":"https:\/\/www.re-elektroshop.at\/index.php?rest_route=\/wp\/v2\/types\/product"}],"replies":[{"embeddable":true,"href":"https:\/\/www.re-elektroshop.at\/index.php?rest_route=%2Fwp%2Fv2%2Fcomments&post=5755"}],"wp:featuredmedia":[{"embeddable":true,"href":"https:\/\/www.re-elektroshop.at\/index.php?rest_route=\/wp\/v2\/media\/5754"}],"wp:attachment":[{"href":"https:\/\/www.re-elektroshop.at\/index.php?rest_route=%2Fwp%2Fv2%2Fmedia&parent=5755"}],"curies":[{"name":"wp","href":"https:\/\/api.w.org\/{rel}","templated":true}]}}