{"id":58067,"date":"2021-03-05T11:50:49","date_gmt":"2021-03-05T10:50:49","guid":{"rendered":"http:\/\/www.re-elektroshop.at\/?product=mini-hilfsschuetz-3a-3-schliesser-1-oeffner-24vdc"},"modified":"2021-03-05T11:50:49","modified_gmt":"2021-03-05T10:50:49","slug":"mini-hilfsschuetz-3a-3-schliesser-1-oeffner-24vdc","status":"publish","type":"product","link":"https:\/\/www.re-elektroshop.at\/?product=mini-hilfsschuetz-3a-3-schliesser-1-oeffner-24vdc","title":{"rendered":"Mini-Hilfssch\u00fctz, 3A, 3 Schlie\u00dfer +1 \u00d6ffner, 24VDC"},"content":{"rendered":"","protected":false},"excerpt":{"rendered":"<p>1<\/p>\n","protected":false},"featured_media":58066,"comment_status":"open","ping_status":"closed","template":"","meta":[],"_links":{"self":[{"href":"https:\/\/www.re-elektroshop.at\/index.php?rest_route=\/wp\/v2\/product\/58067"}],"collection":[{"href":"https:\/\/www.re-elektroshop.at\/index.php?rest_route=\/wp\/v2\/product"}],"about":[{"href":"https:\/\/www.re-elektroshop.at\/index.php?rest_route=\/wp\/v2\/types\/product"}],"replies":[{"embeddable":true,"href":"https:\/\/www.re-elektroshop.at\/index.php?rest_route=%2Fwp%2Fv2%2Fcomments&post=58067"}],"wp:featuredmedia":[{"embeddable":true,"href":"https:\/\/www.re-elektroshop.at\/index.php?rest_route=\/wp\/v2\/media\/58066"}],"wp:attachment":[{"href":"https:\/\/www.re-elektroshop.at\/index.php?rest_route=%2Fwp%2Fv2%2Fmedia&parent=58067"}],"curies":[{"name":"wp","href":"https:\/\/api.w.org\/{rel}","templated":true}]}}