{"id":58110,"date":"2021-03-05T11:51:19","date_gmt":"2021-03-05T10:51:19","guid":{"rendered":"http:\/\/www.re-elektroshop.at\/?product=hoehenausgleichsadapter-ebene-70mm-auf-90mm-groesse-00"},"modified":"2021-03-05T11:51:19","modified_gmt":"2021-03-05T10:51:19","slug":"hoehenausgleichsadapter-ebene-70mm-auf-90mm-groesse-00","status":"publish","type":"product","link":"https:\/\/www.re-elektroshop.at\/?product=hoehenausgleichsadapter-ebene-70mm-auf-90mm-groesse-00","title":{"rendered":"H\u00f6henausgleichsadapter Ebene 70mm auf 90mm , Gr\u00f6\u00dfe 00"},"content":{"rendered":"","protected":false},"excerpt":{"rendered":"<p>1<\/p>\n","protected":false},"featured_media":58109,"comment_status":"open","ping_status":"closed","template":"","meta":[],"_links":{"self":[{"href":"https:\/\/www.re-elektroshop.at\/index.php?rest_route=\/wp\/v2\/product\/58110"}],"collection":[{"href":"https:\/\/www.re-elektroshop.at\/index.php?rest_route=\/wp\/v2\/product"}],"about":[{"href":"https:\/\/www.re-elektroshop.at\/index.php?rest_route=\/wp\/v2\/types\/product"}],"replies":[{"embeddable":true,"href":"https:\/\/www.re-elektroshop.at\/index.php?rest_route=%2Fwp%2Fv2%2Fcomments&post=58110"}],"wp:featuredmedia":[{"embeddable":true,"href":"https:\/\/www.re-elektroshop.at\/index.php?rest_route=\/wp\/v2\/media\/58109"}],"wp:attachment":[{"href":"https:\/\/www.re-elektroshop.at\/index.php?rest_route=%2Fwp%2Fv2%2Fmedia&parent=58110"}],"curies":[{"name":"wp","href":"https:\/\/api.w.org\/{rel}","templated":true}]}}