{"id":58116,"date":"2021-03-05T11:51:24","date_gmt":"2021-03-05T10:51:24","guid":{"rendered":"http:\/\/www.re-elektroshop.at\/?product=anschlussraumabdeckungsverlaengerung-32mm-arrow-blue-groesse-00"},"modified":"2021-03-05T11:51:24","modified_gmt":"2021-03-05T10:51:24","slug":"anschlussraumabdeckungsverlaengerung-32mm-arrow-blue-groesse-00","status":"publish","type":"product","link":"https:\/\/www.re-elektroshop.at\/?product=anschlussraumabdeckungsverlaengerung-32mm-arrow-blue-groesse-00","title":{"rendered":"Anschlu\u00dfraumabdeckungsverl\u00e4ngerung 32mm, ARROW BLUE Gr\u00f6\u00dfe 00"},"content":{"rendered":"","protected":false},"excerpt":{"rendered":"<p>1<\/p>\n","protected":false},"featured_media":58115,"comment_status":"open","ping_status":"closed","template":"","meta":[],"_links":{"self":[{"href":"https:\/\/www.re-elektroshop.at\/index.php?rest_route=\/wp\/v2\/product\/58116"}],"collection":[{"href":"https:\/\/www.re-elektroshop.at\/index.php?rest_route=\/wp\/v2\/product"}],"about":[{"href":"https:\/\/www.re-elektroshop.at\/index.php?rest_route=\/wp\/v2\/types\/product"}],"replies":[{"embeddable":true,"href":"https:\/\/www.re-elektroshop.at\/index.php?rest_route=%2Fwp%2Fv2%2Fcomments&post=58116"}],"wp:featuredmedia":[{"embeddable":true,"href":"https:\/\/www.re-elektroshop.at\/index.php?rest_route=\/wp\/v2\/media\/58115"}],"wp:attachment":[{"href":"https:\/\/www.re-elektroshop.at\/index.php?rest_route=%2Fwp%2Fv2%2Fmedia&parent=58116"}],"curies":[{"name":"wp","href":"https:\/\/api.w.org\/{rel}","templated":true}]}}