{"id":58118,"date":"2021-03-05T11:51:26","date_gmt":"2021-03-05T10:51:26","guid":{"rendered":"http:\/\/www.re-elektroshop.at\/?product=mini-hilfsschuetz-3a-2-schliesser-2-oeffner-48vdc"},"modified":"2021-03-05T11:51:26","modified_gmt":"2021-03-05T10:51:26","slug":"mini-hilfsschuetz-3a-2-schliesser-2-oeffner-48vdc","status":"publish","type":"product","link":"https:\/\/www.re-elektroshop.at\/?product=mini-hilfsschuetz-3a-2-schliesser-2-oeffner-48vdc","title":{"rendered":"Mini-Hilfssch\u00fctz, 3A, 2 Schlie\u00dfer + 2 \u00d6ffner, 48VDC"},"content":{"rendered":"","protected":false},"excerpt":{"rendered":"<p>1<\/p>\n","protected":false},"featured_media":58117,"comment_status":"open","ping_status":"closed","template":"","meta":[],"_links":{"self":[{"href":"https:\/\/www.re-elektroshop.at\/index.php?rest_route=\/wp\/v2\/product\/58118"}],"collection":[{"href":"https:\/\/www.re-elektroshop.at\/index.php?rest_route=\/wp\/v2\/product"}],"about":[{"href":"https:\/\/www.re-elektroshop.at\/index.php?rest_route=\/wp\/v2\/types\/product"}],"replies":[{"embeddable":true,"href":"https:\/\/www.re-elektroshop.at\/index.php?rest_route=%2Fwp%2Fv2%2Fcomments&post=58118"}],"wp:featuredmedia":[{"embeddable":true,"href":"https:\/\/www.re-elektroshop.at\/index.php?rest_route=\/wp\/v2\/media\/58117"}],"wp:attachment":[{"href":"https:\/\/www.re-elektroshop.at\/index.php?rest_route=%2Fwp%2Fv2%2Fmedia&parent=58118"}],"curies":[{"name":"wp","href":"https:\/\/api.w.org\/{rel}","templated":true}]}}