{"id":58154,"date":"2021-03-05T11:51:55","date_gmt":"2021-03-05T10:51:55","guid":{"rendered":"http:\/\/www.re-elektroshop.at\/?product=uebergreifschutz-fuer-sammelschienesystem-32mm-groesse-1"},"modified":"2021-03-05T11:51:55","modified_gmt":"2021-03-05T10:51:55","slug":"uebergreifschutz-fuer-sammelschienesystem-32mm-groesse-1","status":"publish","type":"product","link":"https:\/\/www.re-elektroshop.at\/?product=uebergreifschutz-fuer-sammelschienesystem-32mm-groesse-1","title":{"rendered":"\u00dcbergreifschutz f\u00fcr Sammelschienesystem 32mm, Gr\u00f6\u00dfe 1"},"content":{"rendered":"","protected":false},"excerpt":{"rendered":"<p>1<\/p>\n","protected":false},"featured_media":58153,"comment_status":"open","ping_status":"closed","template":"","meta":[],"_links":{"self":[{"href":"https:\/\/www.re-elektroshop.at\/index.php?rest_route=\/wp\/v2\/product\/58154"}],"collection":[{"href":"https:\/\/www.re-elektroshop.at\/index.php?rest_route=\/wp\/v2\/product"}],"about":[{"href":"https:\/\/www.re-elektroshop.at\/index.php?rest_route=\/wp\/v2\/types\/product"}],"replies":[{"embeddable":true,"href":"https:\/\/www.re-elektroshop.at\/index.php?rest_route=%2Fwp%2Fv2%2Fcomments&post=58154"}],"wp:featuredmedia":[{"embeddable":true,"href":"https:\/\/www.re-elektroshop.at\/index.php?rest_route=\/wp\/v2\/media\/58153"}],"wp:attachment":[{"href":"https:\/\/www.re-elektroshop.at\/index.php?rest_route=%2Fwp%2Fv2%2Fmedia&parent=58154"}],"curies":[{"name":"wp","href":"https:\/\/api.w.org\/{rel}","templated":true}]}}