{"id":58192,"date":"2021-03-05T11:52:23","date_gmt":"2021-03-05T10:52:23","guid":{"rendered":"http:\/\/www.re-elektroshop.at\/?product=rahmenklemme-arrow-blue-groesse-2-und-groesse-3"},"modified":"2021-03-05T11:52:23","modified_gmt":"2021-03-05T10:52:23","slug":"rahmenklemme-arrow-blue-groesse-2-und-groesse-3","status":"publish","type":"product","link":"https:\/\/www.re-elektroshop.at\/?product=rahmenklemme-arrow-blue-groesse-2-und-groesse-3","title":{"rendered":"Rahmenklemme ARROW BLUE Gr\u00f6\u00dfe 2 und Gr\u00f6\u00dfe  3"},"content":{"rendered":"","protected":false},"excerpt":{"rendered":"<p>1<\/p>\n","protected":false},"featured_media":58191,"comment_status":"open","ping_status":"closed","template":"","meta":[],"_links":{"self":[{"href":"https:\/\/www.re-elektroshop.at\/index.php?rest_route=\/wp\/v2\/product\/58192"}],"collection":[{"href":"https:\/\/www.re-elektroshop.at\/index.php?rest_route=\/wp\/v2\/product"}],"about":[{"href":"https:\/\/www.re-elektroshop.at\/index.php?rest_route=\/wp\/v2\/types\/product"}],"replies":[{"embeddable":true,"href":"https:\/\/www.re-elektroshop.at\/index.php?rest_route=%2Fwp%2Fv2%2Fcomments&post=58192"}],"wp:featuredmedia":[{"embeddable":true,"href":"https:\/\/www.re-elektroshop.at\/index.php?rest_route=\/wp\/v2\/media\/58191"}],"wp:attachment":[{"href":"https:\/\/www.re-elektroshop.at\/index.php?rest_route=%2Fwp%2Fv2%2Fmedia&parent=58192"}],"curies":[{"name":"wp","href":"https:\/\/api.w.org\/{rel}","templated":true}]}}