{"id":58465,"date":"2021-03-05T12:02:28","date_gmt":"2021-03-05T11:02:28","guid":{"rendered":"http:\/\/www.re-elektroshop.at\/?product=hilfskontakt-fronts-1spaet-oe-3a-fuer-la2-la3004-la3115-la4"},"modified":"2021-03-05T12:02:28","modified_gmt":"2021-03-05T11:02:28","slug":"hilfskontakt-fronts-1spaet-oe-3a-fuer-la2-la3004-la3115-la4","status":"publish","type":"product","link":"https:\/\/www.re-elektroshop.at\/?product=hilfskontakt-fronts-1spaet-oe-3a-fuer-la2-la3004-la3115-la4","title":{"rendered":"Hilfskontakt fronts. 1Sp\u00e4t-\u00d6, 3A f\u00fcr LA2, LA3004-LA3115, LA4"},"content":{"rendered":"","protected":false},"excerpt":{"rendered":"<p>1<\/p>\n","protected":false},"featured_media":58464,"comment_status":"open","ping_status":"closed","template":"","meta":[],"_links":{"self":[{"href":"https:\/\/www.re-elektroshop.at\/index.php?rest_route=\/wp\/v2\/product\/58465"}],"collection":[{"href":"https:\/\/www.re-elektroshop.at\/index.php?rest_route=\/wp\/v2\/product"}],"about":[{"href":"https:\/\/www.re-elektroshop.at\/index.php?rest_route=\/wp\/v2\/types\/product"}],"replies":[{"embeddable":true,"href":"https:\/\/www.re-elektroshop.at\/index.php?rest_route=%2Fwp%2Fv2%2Fcomments&post=58465"}],"wp:featuredmedia":[{"embeddable":true,"href":"https:\/\/www.re-elektroshop.at\/index.php?rest_route=\/wp\/v2\/media\/58464"}],"wp:attachment":[{"href":"https:\/\/www.re-elektroshop.at\/index.php?rest_route=%2Fwp%2Fv2%2Fmedia&parent=58465"}],"curies":[{"name":"wp","href":"https:\/\/api.w.org\/{rel}","templated":true}]}}