{"id":5981,"date":"2021-02-25T14:44:24","date_gmt":"2021-02-25T13:44:24","guid":{"rendered":"http:\/\/www.re-elektroshop.at\/?product=thermisches-ueberlastrelais-1800-2500a-baugroesse-3"},"modified":"2021-02-25T14:44:24","modified_gmt":"2021-02-25T13:44:24","slug":"thermisches-ueberlastrelais-1800-2500a-baugroesse-3","status":"publish","type":"product","link":"https:\/\/www.re-elektroshop.at\/?product=thermisches-ueberlastrelais-1800-2500a-baugroesse-3","title":{"rendered":"Thermisches \u00dcberlastrelais 18,00-25,00A, Baugr\u00f6\u00dfe 3"},"content":{"rendered":"","protected":false},"excerpt":{"rendered":"<p>1<\/p>\n","protected":false},"featured_media":5980,"comment_status":"open","ping_status":"closed","template":"","meta":[],"_links":{"self":[{"href":"https:\/\/www.re-elektroshop.at\/index.php?rest_route=\/wp\/v2\/product\/5981"}],"collection":[{"href":"https:\/\/www.re-elektroshop.at\/index.php?rest_route=\/wp\/v2\/product"}],"about":[{"href":"https:\/\/www.re-elektroshop.at\/index.php?rest_route=\/wp\/v2\/types\/product"}],"replies":[{"embeddable":true,"href":"https:\/\/www.re-elektroshop.at\/index.php?rest_route=%2Fwp%2Fv2%2Fcomments&post=5981"}],"wp:featuredmedia":[{"embeddable":true,"href":"https:\/\/www.re-elektroshop.at\/index.php?rest_route=\/wp\/v2\/media\/5980"}],"wp:attachment":[{"href":"https:\/\/www.re-elektroshop.at\/index.php?rest_route=%2Fwp%2Fv2%2Fmedia&parent=5981"}],"curies":[{"name":"wp","href":"https:\/\/api.w.org\/{rel}","templated":true}]}}