{"id":6018,"date":"2021-02-25T14:44:53","date_gmt":"2021-02-25T13:44:53","guid":{"rendered":"http:\/\/www.re-elektroshop.at\/?product=thermisches-ueberlastrelais-3600-5000a-baugroesse-3"},"modified":"2021-02-25T14:44:53","modified_gmt":"2021-02-25T13:44:53","slug":"thermisches-ueberlastrelais-3600-5000a-baugroesse-3","status":"publish","type":"product","link":"https:\/\/www.re-elektroshop.at\/?product=thermisches-ueberlastrelais-3600-5000a-baugroesse-3","title":{"rendered":"Thermisches \u00dcberlastrelais 36,00-50,00A, Baugr\u00f6\u00dfe 3"},"content":{"rendered":"","protected":false},"excerpt":{"rendered":"<p>1<\/p>\n","protected":false},"featured_media":6017,"comment_status":"open","ping_status":"closed","template":"","meta":[],"_links":{"self":[{"href":"https:\/\/www.re-elektroshop.at\/index.php?rest_route=\/wp\/v2\/product\/6018"}],"collection":[{"href":"https:\/\/www.re-elektroshop.at\/index.php?rest_route=\/wp\/v2\/product"}],"about":[{"href":"https:\/\/www.re-elektroshop.at\/index.php?rest_route=\/wp\/v2\/types\/product"}],"replies":[{"embeddable":true,"href":"https:\/\/www.re-elektroshop.at\/index.php?rest_route=%2Fwp%2Fv2%2Fcomments&post=6018"}],"wp:featuredmedia":[{"embeddable":true,"href":"https:\/\/www.re-elektroshop.at\/index.php?rest_route=\/wp\/v2\/media\/6017"}],"wp:attachment":[{"href":"https:\/\/www.re-elektroshop.at\/index.php?rest_route=%2Fwp%2Fv2%2Fmedia&parent=6018"}],"curies":[{"name":"wp","href":"https:\/\/api.w.org\/{rel}","templated":true}]}}