{"id":6078,"date":"2021-02-25T14:45:38","date_gmt":"2021-02-25T13:45:38","guid":{"rendered":"http:\/\/www.re-elektroshop.at\/?product=thermisches-ueberlastrelais-022-032a-baugroesse-00"},"modified":"2021-02-25T14:45:38","modified_gmt":"2021-02-25T13:45:38","slug":"thermisches-ueberlastrelais-022-032a-baugroesse-00","status":"publish","type":"product","link":"https:\/\/www.re-elektroshop.at\/?product=thermisches-ueberlastrelais-022-032a-baugroesse-00","title":{"rendered":"Thermisches \u00dcberlastrelais 0,22 &#8211; 0,32A, Baugr\u00f6\u00dfe 00"},"content":{"rendered":"","protected":false},"excerpt":{"rendered":"<p>1<\/p>\n","protected":false},"featured_media":6077,"comment_status":"open","ping_status":"closed","template":"","meta":[],"_links":{"self":[{"href":"https:\/\/www.re-elektroshop.at\/index.php?rest_route=\/wp\/v2\/product\/6078"}],"collection":[{"href":"https:\/\/www.re-elektroshop.at\/index.php?rest_route=\/wp\/v2\/product"}],"about":[{"href":"https:\/\/www.re-elektroshop.at\/index.php?rest_route=\/wp\/v2\/types\/product"}],"replies":[{"embeddable":true,"href":"https:\/\/www.re-elektroshop.at\/index.php?rest_route=%2Fwp%2Fv2%2Fcomments&post=6078"}],"wp:featuredmedia":[{"embeddable":true,"href":"https:\/\/www.re-elektroshop.at\/index.php?rest_route=\/wp\/v2\/media\/6077"}],"wp:attachment":[{"href":"https:\/\/www.re-elektroshop.at\/index.php?rest_route=%2Fwp%2Fv2%2Fmedia&parent=6078"}],"curies":[{"name":"wp","href":"https:\/\/api.w.org\/{rel}","templated":true}]}}