{"id":6130,"date":"2021-02-25T14:46:38","date_gmt":"2021-02-25T13:46:38","guid":{"rendered":"http:\/\/www.re-elektroshop.at\/?product=thermisches-ueberlastrelais-090-125a-baugroesse-00"},"modified":"2021-02-25T14:46:38","modified_gmt":"2021-02-25T13:46:38","slug":"thermisches-ueberlastrelais-090-125a-baugroesse-00","status":"publish","type":"product","link":"https:\/\/www.re-elektroshop.at\/?product=thermisches-ueberlastrelais-090-125a-baugroesse-00","title":{"rendered":"Thermisches \u00dcberlastrelais 0,90 &#8211; 1,25A, Baugr\u00f6\u00dfe 00"},"content":{"rendered":"","protected":false},"excerpt":{"rendered":"<p>1<\/p>\n","protected":false},"featured_media":6129,"comment_status":"open","ping_status":"closed","template":"","meta":[],"_links":{"self":[{"href":"https:\/\/www.re-elektroshop.at\/index.php?rest_route=\/wp\/v2\/product\/6130"}],"collection":[{"href":"https:\/\/www.re-elektroshop.at\/index.php?rest_route=\/wp\/v2\/product"}],"about":[{"href":"https:\/\/www.re-elektroshop.at\/index.php?rest_route=\/wp\/v2\/types\/product"}],"replies":[{"embeddable":true,"href":"https:\/\/www.re-elektroshop.at\/index.php?rest_route=%2Fwp%2Fv2%2Fcomments&post=6130"}],"wp:featuredmedia":[{"embeddable":true,"href":"https:\/\/www.re-elektroshop.at\/index.php?rest_route=\/wp\/v2\/media\/6129"}],"wp:attachment":[{"href":"https:\/\/www.re-elektroshop.at\/index.php?rest_route=%2Fwp%2Fv2%2Fmedia&parent=6130"}],"curies":[{"name":"wp","href":"https:\/\/api.w.org\/{rel}","templated":true}]}}